{"id":197,"date":"2022-05-13T13:04:49","date_gmt":"2022-05-13T11:04:49","guid":{"rendered":"https:\/\/www.cpc-mc.com\/donnees-personnelles\/"},"modified":"2022-08-09T14:54:34","modified_gmt":"2022-08-09T12:54:34","slug":"donnees-personnelles","status":"publish","type":"page","link":"https:\/\/www.cpc-mc.com\/fr\/donnees-personnelles\/","title":{"rendered":"Donn\u00e9es personnelles"},"content":{"rendered":"\n<p>Date de la derni\u00e8re modification<em>: 24\/05\/2022<\/em><\/p>\n\n\n\n<p>Nous nous engageons \u00e0 ce que la collecte et le traitement de vos donn\u00e9es sur www.cpc-mc.com soient conformes au r\u00e8glement g\u00e9n\u00e9ral sur la protection des donn\u00e9es (RGPD) et \u00e0 la loi informatique et libert\u00e9s. La pr\u00e9sente Politique vous informe sur la mani\u00e8re dont Component Prospecting Company, ses sous-traitants et tout partenaire traitent vos donn\u00e9es personnelles. Cette Politique s&rsquo;applique notamment aux clients et utilisateurs des offres et services de Component Prospecting Company. Elle peut \u00eatre compl\u00e9t\u00e9e par des informations sp\u00e9cifiques port\u00e9es \u00e0 la connaissance de l&rsquo;utilisateur dans le cadre d&rsquo;une offre ou d&rsquo;un service particulier.<\/p>\n\n\n\n<p><\/p>\n\n\n\n<h2 class=\"wp-block-heading\">COOKIES<\/h2>\n\n\n\n<p>Un cookie est un petit fichier informatique, un traceur, d\u00e9pos\u00e9 et lu, par exemple, lors de la consultation d&rsquo;un site web. L&rsquo;utilisation de ces outils est soumise \u00e0 votre consentement s&rsquo;ils ne sont pas strictement n\u00e9cessaires au fonctionnement du site concern\u00e9. Voici la liste des cookies utilis\u00e9s sur le site www.cpc-mc.com :<\/p>\n\n\n<table class=\"wt-cli-element cookielawinfo-classic cookielawinfo-row-cat-table\"><thead><tr><th scope=\"col\" class=\"cookielawinfo-column-1\">Cookie<\/th><th scope=\"col\" class=\"cookielawinfo-column-2\">Type<\/th><th scope=\"col\" class=\"cookielawinfo-column-3\">Dur\u00e9e<\/th><th scope=\"col\" class=\"cookielawinfo-column-4\">Description<\/th><\/thead><tbody><tr class=\"cookielawinfo-row-cat-title\"><th colspan=\"4\" class=\"cookielawinfo-row-cat-title-head\">N\u00e9c\u00e9ssaires<\/th><\/tr><tr class=\"cookielawinfo-row\"><td class=\"cookielawinfo-column-1\">cookielawinfo-checbox-others<\/td><td class=\"cookielawinfo-column-2\">Persistant<\/td><td class=\"cookielawinfo-column-3\">11 mois<\/td><td class=\"cookielawinfo-column-4\">Ce cookie est d\u00e9fini par le plugin de consentement aux cookies RGPD. Ce cookie est utilis\u00e9 pour stocker le consentement de l'utilisateur pour les cookies de la cat\u00e9gorie \u201cNon class\u00e9\u201d.<\/td><\/tr><tr class=\"cookielawinfo-row\"><td class=\"cookielawinfo-column-1\">cookielawinfo-checkbox-advertisement<\/td><td class=\"cookielawinfo-column-2\">Persistant<\/td><td class=\"cookielawinfo-column-3\">11 mois<\/td><td class=\"cookielawinfo-column-4\">Le cookie est d\u00e9fini par le consentement aux cookies RGPD pour enregistrer le consentement de l'utilisateur pour les cookies de la cat\u00e9gorie \u201cMarketing\u201d.<\/td><\/tr><tr class=\"cookielawinfo-row\"><td class=\"cookielawinfo-column-1\">cookielawinfo-checkbox-analytics<\/td><td class=\"cookielawinfo-column-2\">Persistant<\/td><td class=\"cookielawinfo-column-3\">11 mois<\/td><td class=\"cookielawinfo-column-4\">Ce cookie est d\u00e9fini par le plugin de consentement aux cookies RGPD. Le cookie est utilis\u00e9 pour stocker le consentement de l'utilisateur pour les cookies de la cat\u00e9gorie \u201cStatistiques\u201d.<\/td><\/tr><tr class=\"cookielawinfo-row\"><td class=\"cookielawinfo-column-1\">cookielawinfo-checkbox-performance<\/td><td class=\"cookielawinfo-column-2\">Persistant<\/td><td class=\"cookielawinfo-column-3\">11 mois<\/td><td class=\"cookielawinfo-column-4\">Ce cookie est d\u00e9fini par le plugin de consentement aux cookies RGPD. Ce cookie est utilis\u00e9 pour stocker le consentement de l'utilisateur pour les cookies de la cat\u00e9gorie \u201cPr\u00e9f\u00e9rences\u201d.<\/td><\/tr><tr class=\"cookielawinfo-row\"><td class=\"cookielawinfo-column-1\">cookielawinfo-checbox-functional<\/td><td class=\"cookielawinfo-column-2\">Persistant<\/td><td class=\"cookielawinfo-column-3\">11 mois<\/td><td class=\"cookielawinfo-column-4\">Le cookie est d\u00e9fini par le consentement aux cookies RGPD pour enregistrer le consentement de l'utilisateur pour les cookies de la cat\u00e9gorie \u201cFonctionnel\u201d.<\/td><\/tr><tr class=\"cookielawinfo-row\"><td class=\"cookielawinfo-column-1\">cookielawinfo-checkbox-necessary<\/td><td class=\"cookielawinfo-column-2\">Persistant<\/td><td class=\"cookielawinfo-column-3\">11 mois<\/td><td class=\"cookielawinfo-column-4\">Ce cookie est d\u00e9fini par le plugin de consentement aux cookies du RGPD. Il est utilis\u00e9 pour stocker le consentement de l'utilisateur pour les cookies de la cat\u00e9gorie \u201cN\u00e9cessaire\u201d.<\/td><\/tr><tr class=\"cookielawinfo-row-cat-title\"><th colspan=\"4\" class=\"cookielawinfo-row-cat-title-head\">Fonctionnel<\/th><\/tr><tr class=\"cookielawinfo-row\"><td class=\"cookielawinfo-column-1\">wp-wpml_current_language<\/td><td class=\"cookielawinfo-column-2\">Session<\/td><td class=\"cookielawinfo-column-3\">Session<\/td><td class=\"cookielawinfo-column-4\">Dirigez l'utilisateur de ce site Web directement vers le contenu multilingue appropri\u00e9 en fonction de la langue du navigateur.<\/td><\/tr><tr class=\"cookielawinfo-row-cat-title\"><th colspan=\"4\" class=\"cookielawinfo-row-cat-title-head\">Statistiques<\/th><\/tr><tr class=\"cookielawinfo-row\"><td class=\"cookielawinfo-column-1\">_pk_ses.46.1ded<\/td><td class=\"cookielawinfo-column-2\">Persistant<\/td><td class=\"cookielawinfo-column-3\">30 minutes<\/td><td class=\"cookielawinfo-column-4\">Utilis\u00e9 par Matomo pour suivre les demandes de page du visiteur au cours de la session. Permet le stockage temporaire de vos donn\u00e9es de visite.<\/td><\/tr><tr class=\"cookielawinfo-row\"><td class=\"cookielawinfo-column-1\">_pk_id.46.1ded<\/td><td class=\"cookielawinfo-column-2\">Persistant<\/td><td class=\"cookielawinfo-column-3\">6 mois<\/td><td class=\"cookielawinfo-column-4\">Permet de stocker votre identifiant unique de visite (si la mesure d'audience Piwik est active)<\/td><\/tr><\/tbody><\/table>\n\n\n\n<p><\/p>\n\n\n\n<h3 class=\"wp-block-heading\">PROTECTION CONTRE LE SPAM<\/h3>\n\n\n\n<p>Afin de filtrer les messages reconnus comme spam via les formulaires de contact, nous utilisons un service qui analyse les donn\u00e9es transmises : reCAPTCHA. L&rsquo;utilisation de ces formulaires implique l&rsquo;acceptation des politiques de confidentialit\u00e9 de ces services, d\u00e9crites ci-dessous. Google reCAPTCHA (Google Ireland Limited) Google reCAPTCHA est un service de protection de la saisie des formulaires sur notre site. Il est utilis\u00e9 pour faire la diff\u00e9rence entre une saisie humaine et un abus automatis\u00e9. L&rsquo;utilisation de reCAPTCHA est soumise \u00e0 la politique de confidentialit\u00e9 et aux conditions d&rsquo;utilisation de Google Ireland Limited. Donn\u00e9es transmises : cookies et donn\u00e9es d&rsquo;utilisation. Lieu de traitement : Irlande.<\/p>\n\n\n\n<p><\/p>\n\n\n\n<h2 class=\"wp-block-heading\">FORMULAIRE ET T\u00c9L\u00c9SERVICE<\/h2>\n\n\n\n<p>Chaque formulaire ou t\u00e9l\u00e9service limite la collecte des donn\u00e9es personnelles \u00e0 ce qui est strictement n\u00e9cessaire (minimisation des donn\u00e9es) et indique notamment :<\/p>\n\n\n\n<p>-les finalit\u00e9s pour lesquelles les donn\u00e9es sont collect\u00e9es (objectifs)<br>-si ces donn\u00e9es sont obligatoires ou facultatives pour la gestion de votre demande<br>-qui pourra en prendre connaissance (en principe uniquement Component Prospecting Company, sauf s&rsquo;il est pr\u00e9cis\u00e9 dans le formulaire qu&rsquo;elles seront transmises \u00e0 un tiers pour la gestion de votre demande) ;<br>-vos droits en mati\u00e8re de protection des donn\u00e9es personnelles et la mani\u00e8re de les exercer aupr\u00e8s de la CNIL.<\/p>\n\n\n\n<p>Les donn\u00e9es personnelles recueillies dans le cadre des services propos\u00e9s sur www.cpc-mc.com sont trait\u00e9es selon des protocoles s\u00e9curis\u00e9s et permettent \u00e0 la soci\u00e9t\u00e9 de prospection Component de g\u00e9rer les demandes re\u00e7ues dans ses applications informatiques.<\/p>\n\n\n\n<h3 class=\"wp-block-heading\">QUELS SONT VOS DROITS ?<\/h3>\n\n\n\n<p>Vous disposez d&rsquo;un droit d&rsquo;acc\u00e8s, de rectification et de suppression de vos donn\u00e9es personnelles. Vous pouvez demander la portabilit\u00e9 de ces donn\u00e9es. Vous avez \u00e9galement le droit de vous opposer au traitement effectu\u00e9 ou de demander \u00e0 ce qu&rsquo;il soit limit\u00e9. Vous pouvez \u00e9galement \u00e9mettre des directives sur la conservation, l&rsquo;effacement ou la communication de vos donn\u00e9es personnelles apr\u00e8s votre d\u00e9c\u00e8s.<\/p>\n\n\n\n<h3 class=\"wp-block-heading\">COMMENT EXERCER VOS DROITS ?<\/h3>\n\n\n\n<p>Vous pouvez exercer vos droits et contacter Component Prospecting Company \u00e0 tout moment aux adresses ci-dessous :<\/p>\n\n\n\n<p>par courrier, sign\u00e9 et accompagn\u00e9 d&rsquo;une copie de votre carte d&rsquo;identit\u00e9, \u00e0 l&rsquo;adresse suivante<br>Le Continental &#8211; Bloc B &#8211; 3 Place des Moulins &#8211; 98000 Monaco<\/p>\n\n\n\n<p>Si vous ne recevez pas de r\u00e9ponse ad\u00e9quate, vous pouvez d\u00e9poser une plainte aupr\u00e8s de la Commission Nationale de l&rsquo;Informatique et des Libert\u00e9s (CNIL).<\/p>\n\n\n\n<p><\/p>\n\n\n\n<h2 class=\"wp-block-heading\">LES FINALITES DU TRAITEMENT DE VOS DONN\u00c9ES PERSONNELLES<\/h2>\n\n\n\n<p>Component Prospecting Company ne traite les donn\u00e9es personnelles que pour des finalit\u00e9s d\u00e9termin\u00e9es, explicites et l\u00e9gitimes. Component Prospecting Company ne traite pas ces donn\u00e9es d&rsquo;une mani\u00e8re incompatible avec ces finalit\u00e9s. A cette fin, les finalit\u00e9s poursuivies par l&rsquo;\u00e9v\u00e9nement Component Prospecting Company sont les suivantes<\/p>\n\n\n\n<h3 class=\"wp-block-heading\">LA CONNAISSANCE DES CLIENTS ET LES STATISTIQUES D&rsquo;AUDIENCE DU SITE WEB<\/h3>\n\n\n\n<p>Nous pouvons utiliser des donn\u00e9es pour mieux conna\u00eetre nos clients ou \u00e0 des fins statistiques pour analyser l&rsquo;activit\u00e9 de notre site et am\u00e9liorer les services que nous proposons. Nous effectuons des mesures d&rsquo;audience, par exemple, nous mesurons le nombre de pages vues, le nombre de visites sur le site, ainsi que l&rsquo;activit\u00e9 des visiteurs sur le site et leur fr\u00e9quence de retour.<\/p>\n\n\n<p><iframe\n      style=\"border: 0; height: 150px; width: 800px;\"\n      src=\"https:\/\/matomo.id-interactive.info\/index.php?module=CoreAdminHome&#038;action=optOut&#038;language=fr&#038;fontColor=ffffff\"\n      ><\/iframe><\/p>\n\n\n\n<h2 class=\"wp-block-heading\">QUELLES DONN\u00c9ES SONT TRAIT\u00c9ES ?<\/h2>\n\n\n\n<p>Component Prospecting Company ne traite que les donn\u00e9es ou cat\u00e9gories de donn\u00e9es strictement n\u00e9cessaires aux fins pour lesquelles elles sont collect\u00e9es. Vous pouvez trouver des informations sur ces finalit\u00e9s ci-dessus. Component Prospecting Company traite les cat\u00e9gories de donn\u00e9es suivantes :<\/p>\n\n\n\n<p>-Donn\u00e9es d&rsquo;identit\u00e9 : Pr\u00e9nom, nom de famille<br>-Donn\u00e9es de contact : Courriel, adresse postale, num\u00e9ro de t\u00e9l\u00e9phone<br>-Donn\u00e9es de contenu : Bo\u00eete aux lettres \u00e9lectronique<br>-Donn\u00e9es de localisation<\/p>\n\n\n\n<h2 class=\"wp-block-heading\">QUI SONT LES DESTINATAIRES DE VOS DONN\u00c9ES ?<\/h2>\n\n\n\n<p>Les donn\u00e9es collect\u00e9es sont destin\u00e9es aux services internes du site et de ses sous-traitants. Enfin, les donn\u00e9es trait\u00e9es peuvent \u00eatre transmises aux autorit\u00e9s comp\u00e9tentes, \u00e0 leur demande, dans le cadre d&rsquo;une proc\u00e9dure judiciaire, dans le cadre de recherches juridiques et de demandes d&rsquo;informations aupr\u00e8s des autorit\u00e9s ou afin de respecter d&rsquo;autres obligations l\u00e9gales.<\/p>\n\n\n\n<figure class=\"wp-block-table\"><table><tbody><tr><td class=\"has-text-align-center\" data-align=\"center\"><strong>Sous-traitants<\/strong><\/td><td class=\"has-text-align-center\" data-align=\"center\"><strong>Services<\/strong><\/td><td class=\"has-text-align-center\" data-align=\"center\"><strong>Hors UE?<\/strong><\/td><\/tr><tr><td class=\"has-text-align-center\" data-align=\"center\">ID Interactive<\/td><td class=\"has-text-align-center\" data-align=\"center\">Hebergeur de site web<\/td><td class=\"has-text-align-center\" data-align=\"center\">Non<\/td><\/tr><\/tbody><\/table><\/figure>\n\n\n\n<h2 class=\"wp-block-heading\">COMMENT VOS DONN\u00c9ES SONT-ELLES S\u00c9CURIS\u00c9ES ?<\/h2>\n\n\n\n<p>Component Prospecting Company veille \u00e0 ce que vos donn\u00e9es soient trait\u00e9es de mani\u00e8re s\u00e9curis\u00e9e et confidentielle, y compris lorsque certaines op\u00e9rations sont effectu\u00e9es par des sous-traitants. A cette fin, des mesures techniques et organisationnelles appropri\u00e9es sont mises en place pour pr\u00e9venir la perte, l&rsquo;utilisation abusive, l&rsquo;alt\u00e9ration et la suppression de vos donn\u00e9es personnelles. Ces mesures sont adapt\u00e9es en fonction du niveau de sensibilit\u00e9 des donn\u00e9es trait\u00e9es et du niveau de risque pr\u00e9sent\u00e9 par le traitement ou sa mise en \u0153uvre.<\/p>\n\n\n\n<h2 class=\"wp-block-heading\">P\u00c9RIODE DE CONSERVATION DES DONN\u00c9ES<\/h2>\n\n\n\n<p>La dur\u00e9e d&rsquo;utilisation administrative (DUA) est la p\u00e9riode pendant laquelle les documents, donn\u00e9es ou informations archiv\u00e9s doivent \u00eatre conserv\u00e9s et maintenus en \u00e9tat d&rsquo;\u00eatre consult\u00e9s et utilis\u00e9s, soit par ceux qui les ont produits, soit par les services d&rsquo;archives. Voici les dur\u00e9es de conservation administrative (DUA) pour les principaux processus g\u00e9r\u00e9s par la soci\u00e9t\u00e9 de prospection des composants. La DUA couvre la dur\u00e9e de conservation dans la base de donn\u00e9es active et dans l&rsquo;archive interne.<\/p>\n\n\n\n<figure class=\"wp-block-table\"><table><tbody><tr><td class=\"has-text-align-center\" data-align=\"center\"><strong>Proc\u00e9dures<\/strong><\/td><td class=\"has-text-align-center\" data-align=\"center\"><strong>DUA<\/strong><\/td><\/tr><tr><td class=\"has-text-align-center\" data-align=\"center\">Saisine du responsable de traitements<\/td><td class=\"has-text-align-center\" data-align=\"center\">3 ans<\/td><\/tr><\/tbody><\/table><\/figure>\n\n\n\n<h2 class=\"wp-block-heading\">MODIFICATION DE LA POLITIQUE DE PROTECTION DES DONN\u00c9ES<\/h2>\n\n\n\n<p>La pr\u00e9sente politique de confidentialit\u00e9 peut faire l&rsquo;objet de modifications.<\/p>\n","protected":false},"excerpt":{"rendered":"<p>Date de la derni\u00e8re modification: 24\/05\/2022 Nous nous engageons \u00e0 ce que la collecte et le traitement de vos donn\u00e9es sur www.cpc-mc.com soient conformes au r\u00e8glement<span class=\"excerpt-hellip\"> [\u2026]<\/span><\/p>\n","protected":false},"author":1,"featured_media":0,"parent":0,"menu_order":0,"comment_status":"closed","ping_status":"closed","template":"","meta":{"footnotes":""},"class_list":["post-197","page","type-page","status-publish","hentry"],"yoast_head":"<!-- This site is optimized with the Yoast SEO plugin v27.2 - https:\/\/yoast.com\/product\/yoast-seo-wordpress\/ -->\n<title>Donn\u00e9es personnelles - Component Prospecting Company<\/title>\n<meta name=\"description\" content=\"Sur cette page, vous trouverez notre politique de confidentialit\u00e9 pour le site Web de Component Prospecting Company.\" \/>\n<meta name=\"robots\" content=\"index, follow, max-snippet:-1, max-image-preview:large, max-video-preview:-1\" \/>\n<link rel=\"canonical\" href=\"https:\/\/www.cpc-mc.com\/fr\/donnees-personnelles\/\" \/>\n<meta property=\"og:locale\" content=\"fr_FR\" \/>\n<meta property=\"og:type\" content=\"article\" \/>\n<meta property=\"og:title\" content=\"Donn\u00e9es personnelles - Component Prospecting Company\" \/>\n<meta property=\"og:description\" content=\"Sur cette page, vous trouverez notre politique de confidentialit\u00e9 pour le site Web de Component Prospecting Company.\" \/>\n<meta property=\"og:url\" content=\"https:\/\/www.cpc-mc.com\/fr\/donnees-personnelles\/\" \/>\n<meta property=\"og:site_name\" content=\"Component Prospecting Company\" \/>\n<meta property=\"article:modified_time\" content=\"2022-08-09T12:54:34+00:00\" \/>\n<meta name=\"twitter:card\" content=\"summary_large_image\" \/>\n<meta name=\"twitter:label1\" content=\"Dur\u00e9e de lecture estim\u00e9e\" \/>\n\t<meta name=\"twitter:data1\" content=\"5 minutes\" \/>\n<script type=\"application\/ld+json\" class=\"yoast-schema-graph\">{\"@context\":\"https:\/\/schema.org\",\"@graph\":[{\"@type\":\"WebPage\",\"@id\":\"https:\/\/www.cpc-mc.com\/fr\/donnees-personnelles\/\",\"url\":\"https:\/\/www.cpc-mc.com\/fr\/donnees-personnelles\/\",\"name\":\"Donn\u00e9es personnelles - Component Prospecting Company\",\"isPartOf\":{\"@id\":\"https:\/\/www.cpc-mc.com\/#website\"},\"datePublished\":\"2022-05-13T11:04:49+00:00\",\"dateModified\":\"2022-08-09T12:54:34+00:00\",\"description\":\"Sur cette page, vous trouverez notre politique de confidentialit\u00e9 pour le site Web de Component Prospecting Company.\",\"breadcrumb\":{\"@id\":\"https:\/\/www.cpc-mc.com\/fr\/donnees-personnelles\/#breadcrumb\"},\"inLanguage\":\"fr-FR\",\"potentialAction\":[{\"@type\":\"ReadAction\",\"target\":[\"https:\/\/www.cpc-mc.com\/fr\/donnees-personnelles\/\"]}]},{\"@type\":\"BreadcrumbList\",\"@id\":\"https:\/\/www.cpc-mc.com\/fr\/donnees-personnelles\/#breadcrumb\",\"itemListElement\":[{\"@type\":\"ListItem\",\"position\":1,\"name\":\"Accueil\",\"item\":\"https:\/\/www.cpc-mc.com\/\"},{\"@type\":\"ListItem\",\"position\":2,\"name\":\"Donn\u00e9es personnelles\"}]},{\"@type\":\"WebSite\",\"@id\":\"https:\/\/www.cpc-mc.com\/#website\",\"url\":\"https:\/\/www.cpc-mc.com\/\",\"name\":\"Component Prospecting Company\",\"description\":\"Component Prospecting Company\",\"potentialAction\":[{\"@type\":\"SearchAction\",\"target\":{\"@type\":\"EntryPoint\",\"urlTemplate\":\"https:\/\/www.cpc-mc.com\/?s={search_term_string}\"},\"query-input\":{\"@type\":\"PropertyValueSpecification\",\"valueRequired\":true,\"valueName\":\"search_term_string\"}}],\"inLanguage\":\"fr-FR\"}]}<\/script>\n<!-- \/ Yoast SEO plugin. -->","yoast_head_json":{"title":"Donn\u00e9es personnelles - Component Prospecting Company","description":"Sur cette page, vous trouverez notre politique de confidentialit\u00e9 pour le site Web de Component Prospecting Company.","robots":{"index":"index","follow":"follow","max-snippet":"max-snippet:-1","max-image-preview":"max-image-preview:large","max-video-preview":"max-video-preview:-1"},"canonical":"https:\/\/www.cpc-mc.com\/fr\/donnees-personnelles\/","og_locale":"fr_FR","og_type":"article","og_title":"Donn\u00e9es personnelles - Component Prospecting Company","og_description":"Sur cette page, vous trouverez notre politique de confidentialit\u00e9 pour le site Web de Component Prospecting Company.","og_url":"https:\/\/www.cpc-mc.com\/fr\/donnees-personnelles\/","og_site_name":"Component Prospecting Company","article_modified_time":"2022-08-09T12:54:34+00:00","twitter_card":"summary_large_image","twitter_misc":{"Dur\u00e9e de lecture estim\u00e9e":"5 minutes"},"schema":{"@context":"https:\/\/schema.org","@graph":[{"@type":"WebPage","@id":"https:\/\/www.cpc-mc.com\/fr\/donnees-personnelles\/","url":"https:\/\/www.cpc-mc.com\/fr\/donnees-personnelles\/","name":"Donn\u00e9es personnelles - Component Prospecting Company","isPartOf":{"@id":"https:\/\/www.cpc-mc.com\/#website"},"datePublished":"2022-05-13T11:04:49+00:00","dateModified":"2022-08-09T12:54:34+00:00","description":"Sur cette page, vous trouverez notre politique de confidentialit\u00e9 pour le site Web de Component Prospecting Company.","breadcrumb":{"@id":"https:\/\/www.cpc-mc.com\/fr\/donnees-personnelles\/#breadcrumb"},"inLanguage":"fr-FR","potentialAction":[{"@type":"ReadAction","target":["https:\/\/www.cpc-mc.com\/fr\/donnees-personnelles\/"]}]},{"@type":"BreadcrumbList","@id":"https:\/\/www.cpc-mc.com\/fr\/donnees-personnelles\/#breadcrumb","itemListElement":[{"@type":"ListItem","position":1,"name":"Accueil","item":"https:\/\/www.cpc-mc.com\/"},{"@type":"ListItem","position":2,"name":"Donn\u00e9es personnelles"}]},{"@type":"WebSite","@id":"https:\/\/www.cpc-mc.com\/#website","url":"https:\/\/www.cpc-mc.com\/","name":"Component Prospecting Company","description":"Component Prospecting Company","potentialAction":[{"@type":"SearchAction","target":{"@type":"EntryPoint","urlTemplate":"https:\/\/www.cpc-mc.com\/?s={search_term_string}"},"query-input":{"@type":"PropertyValueSpecification","valueRequired":true,"valueName":"search_term_string"}}],"inLanguage":"fr-FR"}]}},"_links":{"self":[{"href":"https:\/\/www.cpc-mc.com\/fr\/wp-json\/wp\/v2\/pages\/197","targetHints":{"allow":["GET"]}}],"collection":[{"href":"https:\/\/www.cpc-mc.com\/fr\/wp-json\/wp\/v2\/pages"}],"about":[{"href":"https:\/\/www.cpc-mc.com\/fr\/wp-json\/wp\/v2\/types\/page"}],"author":[{"embeddable":true,"href":"https:\/\/www.cpc-mc.com\/fr\/wp-json\/wp\/v2\/users\/1"}],"replies":[{"embeddable":true,"href":"https:\/\/www.cpc-mc.com\/fr\/wp-json\/wp\/v2\/comments?post=197"}],"version-history":[{"count":3,"href":"https:\/\/www.cpc-mc.com\/fr\/wp-json\/wp\/v2\/pages\/197\/revisions"}],"predecessor-version":[{"id":225,"href":"https:\/\/www.cpc-mc.com\/fr\/wp-json\/wp\/v2\/pages\/197\/revisions\/225"}],"wp:attachment":[{"href":"https:\/\/www.cpc-mc.com\/fr\/wp-json\/wp\/v2\/media?parent=197"}],"curies":[{"name":"wp","href":"https:\/\/api.w.org\/{rel}","templated":true}]}}