{"id":196,"date":"2019-03-15T15:09:59","date_gmt":"2019-03-15T14:09:59","guid":{"rendered":"https:\/\/www.cpc-mc.com\/mentions-legales\/"},"modified":"2024-04-18T09:38:16","modified_gmt":"2024-04-18T07:38:16","slug":"mentions-legales","status":"publish","type":"page","link":"https:\/\/www.cpc-mc.com\/fr\/mentions-legales\/","title":{"rendered":"Mentions l\u00e9gales"},"content":{"rendered":"\n<h2 class=\"wp-block-heading\">Editeur du site internet<\/h2>\n\n\n\n<p>Component Prospecting Company SARL<br>Le Continental &#8211; Bloc B<br>3 Place des Moulins &#8211; 98000 Monaco<\/p>\n\n\n\n<p><\/p>\n\n\n\n<h2 class=\"wp-block-heading\">CREATION, MAINTENANCE ET REFERENCEMENT DU SITE<\/h2>\n\n\n\n<p>ID Interactive &#8211; <a href=\"https:\/\/www.id-interactive.fr\/agence-experte-sites-wordpress\/\" target=\"_blank\" rel=\"noreferrer noopener nofollow\">Agence WordPress<\/a><br>ID Interactive SAS au capital social de 23 000 euros<br>SIRET : 490 491 594 00019<br>APE CODE : 6201Z<br>VAT IC : FR23490491594<br>Siege social : Parc d&rsquo;activit\u00e9s de Doaren Molac 2<br>56 610 Arradon &#8211; Morbihan<br>Email : <a href=\"mailto:contact@id-interactive.fr\">contact@id-interactive.fr<\/a><br>Site web: <a href=\"https:\/\/www.id-interactive.fr\/\" target=\"_blank\" rel=\"noreferrer noopener\">https:\/\/www.id-interactive.fr<\/a><\/p>\n\n\n\n<p><\/p>\n\n\n\n<h2 class=\"wp-block-heading\">CREDITS<\/h2>\n\n\n\n<p>Content management tool: CMS WordPress 5.9<br>Editorial manager: Giovannina PERRONE<br>Technologies used: HTML \/ CSS \/ Javascript \/ PHP \/ MySQL<br>Website optimised for the following browsers: Chrome, Firefox, Edge and Safari. <br>Site design and production: ID Interactive<br>Hosting: ID Interactive<\/p>\n\n\n\n<p><\/p>\n\n\n\n<h2 class=\"wp-block-heading\">PROPRI\u00c9T\u00c9 ET REPRODUCTION<\/h2>\n\n\n\n<p>La structure g\u00e9n\u00e9rale, ainsi que les logiciels, textes, images anim\u00e9es ou fixes, sons, savoir-faire, dessins, graphismes et tout autre \u00e9l\u00e9ment composant ce site sont la propri\u00e9t\u00e9 exclusive de Component Prospecting Company. Toute reproduction totale ou partielle de ce site, par quelque proc\u00e9d\u00e9 que ce soit, sans l&rsquo;autorisation expresse de Component Prospecting Company, est interdite et constituerait une contrefa\u00e7on sanctionn\u00e9e par les articles L335-2 et suivants du Code de la propri\u00e9t\u00e9 intellectuelle. Les liens hypertextes mis en place dans le cadre du pr\u00e9sent site web en direction d&rsquo;autres ressources pr\u00e9sentes sur le r\u00e9seau Internet ne sauraient engager la responsabilit\u00e9 de Component Prospecting Company.\n<\/p>\n\n\n\n<p><\/p>\n\n\n\n<h2 class=\"wp-block-heading\">PROTECTION DES DONNEES PERSONNELLES<\/h2>\n\n\n\n<p>La politique de confidentialit\u00e9 et de protection des donn\u00e9es personnelles est accessible sur cette page : <a href=\"https:\/\/www.cpc-mc.com\/donnees-personnelles\">Donn\u00e9es personnelles<\/a><\/p>\n\n\n\n<p><\/p>\n\n\n\n<h2 class=\"wp-block-heading\">STATISTIQUES<\/h2>\n\n\n\n<p>Afin d&rsquo;adapter le site aux demandes de ses visiteurs, nous mesurons le nombre de visites, le nombre de pages vues ainsi que l&rsquo;activit\u00e9 des visiteurs sur le site et leur fr\u00e9quence de retour. Pour conna\u00eetre la politique de confidentialit\u00e9 de Matomo, veuillez suivre les indications suivantes <a href=\"https:\/\/fr.matomo.org\/privacy-policy\/\" target=\"_blank\" rel=\"noreferrer noopener\">ici.<\/a><\/p>\n\n\n\n<p>Component Prospecting Company autorise la mise en place d&rsquo;un lien hypertexte vers son contenu, sous r\u00e9serve du respect des principes suivants :Le lien vers le site de Component Prospecting Company est accessible par l&rsquo;ouverture d&rsquo;une nouvelle fen\u00eatre\/onglet.Le lien est pr\u00e9sent\u00e9 comme suit : https:\/\/www.cpc-mc.com\/ ou Component Prospecting Company.Cette autorisation exclut l&rsquo;utilisation du logo de Component Prospecting Company.<\/p>\n\n\n\n<p><\/p>\n\n\n\n<h2 class=\"wp-block-heading\">DROIT APPLICABLE<\/h2>\n\n\n\n<p>L&rsquo;utilisation de ce site est r\u00e9gie par le droit fran\u00e7ais, \u00e0 l&rsquo;exclusion de toute autre l\u00e9gislation.<\/p>\n","protected":false},"excerpt":{"rendered":"<p>Editeur du site internet Component Prospecting Company SARLLe Continental &#8211; Bloc B3 Place des Moulins &#8211; 98000 Monaco CREATION, MAINTENANCE ET REFERENCEMENT DU SITE ID Interactive<span class=\"excerpt-hellip\"> [\u2026]<\/span><\/p>\n","protected":false},"author":1,"featured_media":0,"parent":0,"menu_order":0,"comment_status":"closed","ping_status":"open","template":"","meta":{"footnotes":""},"class_list":["post-196","page","type-page","status-publish","hentry"],"yoast_head":"<!-- This site is optimized with the Yoast SEO plugin v27.2 - https:\/\/yoast.com\/product\/yoast-seo-wordpress\/ -->\n<title>Mentions l\u00e9gales - Component Prospecting Company<\/title>\n<meta name=\"description\" content=\"Retrouvez sur cette page l&#039;avis juridique de la soci\u00e9t\u00e9 Component Prospecting.\" \/>\n<meta name=\"robots\" content=\"index, follow, max-snippet:-1, max-image-preview:large, max-video-preview:-1\" \/>\n<link rel=\"canonical\" href=\"https:\/\/www.cpc-mc.com\/fr\/mentions-legales\/\" \/>\n<meta property=\"og:locale\" content=\"fr_FR\" \/>\n<meta property=\"og:type\" content=\"article\" \/>\n<meta property=\"og:title\" content=\"Mentions l\u00e9gales - Component Prospecting Company\" \/>\n<meta property=\"og:description\" content=\"Retrouvez sur cette page l&#039;avis juridique de la soci\u00e9t\u00e9 Component Prospecting.\" \/>\n<meta property=\"og:url\" content=\"https:\/\/www.cpc-mc.com\/fr\/mentions-legales\/\" \/>\n<meta property=\"og:site_name\" content=\"Component Prospecting Company\" \/>\n<meta property=\"article:modified_time\" content=\"2024-04-18T07:38:16+00:00\" \/>\n<meta name=\"twitter:card\" content=\"summary_large_image\" \/>\n<meta name=\"twitter:label1\" content=\"Dur\u00e9e de lecture estim\u00e9e\" \/>\n\t<meta name=\"twitter:data1\" content=\"2 minutes\" \/>\n<script type=\"application\/ld+json\" class=\"yoast-schema-graph\">{\"@context\":\"https:\/\/schema.org\",\"@graph\":[{\"@type\":\"WebPage\",\"@id\":\"https:\/\/www.cpc-mc.com\/fr\/mentions-legales\/\",\"url\":\"https:\/\/www.cpc-mc.com\/fr\/mentions-legales\/\",\"name\":\"Mentions l\u00e9gales - Component Prospecting Company\",\"isPartOf\":{\"@id\":\"https:\/\/www.cpc-mc.com\/#website\"},\"datePublished\":\"2019-03-15T14:09:59+00:00\",\"dateModified\":\"2024-04-18T07:38:16+00:00\",\"description\":\"Retrouvez sur cette page l'avis juridique de la soci\u00e9t\u00e9 Component Prospecting.\",\"breadcrumb\":{\"@id\":\"https:\/\/www.cpc-mc.com\/fr\/mentions-legales\/#breadcrumb\"},\"inLanguage\":\"fr-FR\",\"potentialAction\":[{\"@type\":\"ReadAction\",\"target\":[\"https:\/\/www.cpc-mc.com\/fr\/mentions-legales\/\"]}]},{\"@type\":\"BreadcrumbList\",\"@id\":\"https:\/\/www.cpc-mc.com\/fr\/mentions-legales\/#breadcrumb\",\"itemListElement\":[{\"@type\":\"ListItem\",\"position\":1,\"name\":\"Accueil\",\"item\":\"https:\/\/www.cpc-mc.com\/\"},{\"@type\":\"ListItem\",\"position\":2,\"name\":\"Mentions l\u00e9gales\"}]},{\"@type\":\"WebSite\",\"@id\":\"https:\/\/www.cpc-mc.com\/#website\",\"url\":\"https:\/\/www.cpc-mc.com\/\",\"name\":\"Component Prospecting Company\",\"description\":\"Component Prospecting Company\",\"potentialAction\":[{\"@type\":\"SearchAction\",\"target\":{\"@type\":\"EntryPoint\",\"urlTemplate\":\"https:\/\/www.cpc-mc.com\/?s={search_term_string}\"},\"query-input\":{\"@type\":\"PropertyValueSpecification\",\"valueRequired\":true,\"valueName\":\"search_term_string\"}}],\"inLanguage\":\"fr-FR\"}]}<\/script>\n<!-- \/ Yoast SEO plugin. -->","yoast_head_json":{"title":"Mentions l\u00e9gales - Component Prospecting Company","description":"Retrouvez sur cette page l'avis juridique de la soci\u00e9t\u00e9 Component Prospecting.","robots":{"index":"index","follow":"follow","max-snippet":"max-snippet:-1","max-image-preview":"max-image-preview:large","max-video-preview":"max-video-preview:-1"},"canonical":"https:\/\/www.cpc-mc.com\/fr\/mentions-legales\/","og_locale":"fr_FR","og_type":"article","og_title":"Mentions l\u00e9gales - Component Prospecting Company","og_description":"Retrouvez sur cette page l'avis juridique de la soci\u00e9t\u00e9 Component Prospecting.","og_url":"https:\/\/www.cpc-mc.com\/fr\/mentions-legales\/","og_site_name":"Component Prospecting Company","article_modified_time":"2024-04-18T07:38:16+00:00","twitter_card":"summary_large_image","twitter_misc":{"Dur\u00e9e de lecture estim\u00e9e":"2 minutes"},"schema":{"@context":"https:\/\/schema.org","@graph":[{"@type":"WebPage","@id":"https:\/\/www.cpc-mc.com\/fr\/mentions-legales\/","url":"https:\/\/www.cpc-mc.com\/fr\/mentions-legales\/","name":"Mentions l\u00e9gales - Component Prospecting Company","isPartOf":{"@id":"https:\/\/www.cpc-mc.com\/#website"},"datePublished":"2019-03-15T14:09:59+00:00","dateModified":"2024-04-18T07:38:16+00:00","description":"Retrouvez sur cette page l'avis juridique de la soci\u00e9t\u00e9 Component Prospecting.","breadcrumb":{"@id":"https:\/\/www.cpc-mc.com\/fr\/mentions-legales\/#breadcrumb"},"inLanguage":"fr-FR","potentialAction":[{"@type":"ReadAction","target":["https:\/\/www.cpc-mc.com\/fr\/mentions-legales\/"]}]},{"@type":"BreadcrumbList","@id":"https:\/\/www.cpc-mc.com\/fr\/mentions-legales\/#breadcrumb","itemListElement":[{"@type":"ListItem","position":1,"name":"Accueil","item":"https:\/\/www.cpc-mc.com\/"},{"@type":"ListItem","position":2,"name":"Mentions l\u00e9gales"}]},{"@type":"WebSite","@id":"https:\/\/www.cpc-mc.com\/#website","url":"https:\/\/www.cpc-mc.com\/","name":"Component Prospecting Company","description":"Component Prospecting Company","potentialAction":[{"@type":"SearchAction","target":{"@type":"EntryPoint","urlTemplate":"https:\/\/www.cpc-mc.com\/?s={search_term_string}"},"query-input":{"@type":"PropertyValueSpecification","valueRequired":true,"valueName":"search_term_string"}}],"inLanguage":"fr-FR"}]}},"_links":{"self":[{"href":"https:\/\/www.cpc-mc.com\/fr\/wp-json\/wp\/v2\/pages\/196","targetHints":{"allow":["GET"]}}],"collection":[{"href":"https:\/\/www.cpc-mc.com\/fr\/wp-json\/wp\/v2\/pages"}],"about":[{"href":"https:\/\/www.cpc-mc.com\/fr\/wp-json\/wp\/v2\/types\/page"}],"author":[{"embeddable":true,"href":"https:\/\/www.cpc-mc.com\/fr\/wp-json\/wp\/v2\/users\/1"}],"replies":[{"embeddable":true,"href":"https:\/\/www.cpc-mc.com\/fr\/wp-json\/wp\/v2\/comments?post=196"}],"version-history":[{"count":3,"href":"https:\/\/www.cpc-mc.com\/fr\/wp-json\/wp\/v2\/pages\/196\/revisions"}],"predecessor-version":[{"id":248,"href":"https:\/\/www.cpc-mc.com\/fr\/wp-json\/wp\/v2\/pages\/196\/revisions\/248"}],"wp:attachment":[{"href":"https:\/\/www.cpc-mc.com\/fr\/wp-json\/wp\/v2\/media?parent=196"}],"curies":[{"name":"wp","href":"https:\/\/api.w.org\/{rel}","templated":true}]}}