{"id":194,"date":"2019-03-15T15:09:59","date_gmt":"2019-03-15T14:09:59","guid":{"rendered":"https:\/\/www.cpc-mc.com\/accueil\/"},"modified":"2022-08-30T11:10:28","modified_gmt":"2022-08-30T09:10:28","slug":"accueil","status":"publish","type":"page","link":"https:\/\/www.cpc-mc.com\/fr\/","title":{"rendered":"Accueil"},"content":{"rendered":"","protected":false},"excerpt":{"rendered":"","protected":false},"author":1,"featured_media":0,"parent":0,"menu_order":0,"comment_status":"closed","ping_status":"closed","template":"","meta":{"footnotes":""},"class_list":["post-194","page","type-page","status-publish","hentry"],"yoast_head":"<!-- This site is optimized with the Yoast SEO plugin v27.2 - https:\/\/yoast.com\/product\/yoast-seo-wordpress\/ -->\n<title>Component Prospecting Company<\/title>\n<meta name=\"description\" content=\"CPC est votre expert en mati\u00e8re de commerce et de blending dans le monde international de la p\u00e9trochimie et du p\u00e9trole.\" \/>\n<meta name=\"robots\" content=\"index, follow, max-snippet:-1, max-image-preview:large, max-video-preview:-1\" \/>\n<link rel=\"canonical\" href=\"https:\/\/www.cpc-mc.com\/\" \/>\n<meta property=\"og:locale\" content=\"fr_FR\" \/>\n<meta property=\"og:type\" content=\"article\" \/>\n<meta property=\"og:title\" content=\"Component Prospecting Company\" \/>\n<meta property=\"og:description\" content=\"CPC est votre expert en mati\u00e8re de commerce et de blending dans le monde international de la p\u00e9trochimie et du p\u00e9trole.\" \/>\n<meta property=\"og:url\" content=\"https:\/\/www.cpc-mc.com\/\" \/>\n<meta property=\"og:site_name\" content=\"Component Prospecting Company\" \/>\n<meta property=\"article:modified_time\" content=\"2022-08-30T09:10:28+00:00\" \/>\n<meta name=\"twitter:card\" content=\"summary_large_image\" \/>\n<script type=\"application\/ld+json\" class=\"yoast-schema-graph\">{\"@context\":\"https:\/\/schema.org\",\"@graph\":[{\"@type\":\"WebPage\",\"@id\":\"https:\/\/www.cpc-mc.com\/\",\"url\":\"https:\/\/www.cpc-mc.com\/\",\"name\":\"Component Prospecting Company\",\"isPartOf\":{\"@id\":\"https:\/\/www.cpc-mc.com\/#website\"},\"datePublished\":\"2019-03-15T14:09:59+00:00\",\"dateModified\":\"2022-08-30T09:10:28+00:00\",\"description\":\"CPC est votre expert en mati\u00e8re de commerce et de blending dans le monde international de la p\u00e9trochimie et du p\u00e9trole.\",\"breadcrumb\":{\"@id\":\"https:\/\/www.cpc-mc.com\/#breadcrumb\"},\"inLanguage\":\"fr-FR\",\"potentialAction\":[{\"@type\":\"ReadAction\",\"target\":[\"https:\/\/www.cpc-mc.com\/\"]}]},{\"@type\":\"BreadcrumbList\",\"@id\":\"https:\/\/www.cpc-mc.com\/#breadcrumb\",\"itemListElement\":[{\"@type\":\"ListItem\",\"position\":1,\"name\":\"Accueil\",\"item\":\"https:\/\/www.cpc-mc.com\/\"},{\"@type\":\"ListItem\",\"position\":2,\"name\":\"Accueil\"}]},{\"@type\":\"WebSite\",\"@id\":\"https:\/\/www.cpc-mc.com\/#website\",\"url\":\"https:\/\/www.cpc-mc.com\/\",\"name\":\"Component Prospecting Company\",\"description\":\"Component Prospecting Company\",\"potentialAction\":[{\"@type\":\"SearchAction\",\"target\":{\"@type\":\"EntryPoint\",\"urlTemplate\":\"https:\/\/www.cpc-mc.com\/?s={search_term_string}\"},\"query-input\":{\"@type\":\"PropertyValueSpecification\",\"valueRequired\":true,\"valueName\":\"search_term_string\"}}],\"inLanguage\":\"fr-FR\"}]}<\/script>\n<!-- \/ Yoast SEO plugin. -->","yoast_head_json":{"title":"Component Prospecting Company","description":"CPC est votre expert en mati\u00e8re de commerce et de blending dans le monde international de la p\u00e9trochimie et du p\u00e9trole.","robots":{"index":"index","follow":"follow","max-snippet":"max-snippet:-1","max-image-preview":"max-image-preview:large","max-video-preview":"max-video-preview:-1"},"canonical":"https:\/\/www.cpc-mc.com\/","og_locale":"fr_FR","og_type":"article","og_title":"Component Prospecting Company","og_description":"CPC est votre expert en mati\u00e8re de commerce et de blending dans le monde international de la p\u00e9trochimie et du p\u00e9trole.","og_url":"https:\/\/www.cpc-mc.com\/","og_site_name":"Component Prospecting Company","article_modified_time":"2022-08-30T09:10:28+00:00","twitter_card":"summary_large_image","schema":{"@context":"https:\/\/schema.org","@graph":[{"@type":"WebPage","@id":"https:\/\/www.cpc-mc.com\/","url":"https:\/\/www.cpc-mc.com\/","name":"Component Prospecting Company","isPartOf":{"@id":"https:\/\/www.cpc-mc.com\/#website"},"datePublished":"2019-03-15T14:09:59+00:00","dateModified":"2022-08-30T09:10:28+00:00","description":"CPC est votre expert en mati\u00e8re de commerce et de blending dans le monde international de la p\u00e9trochimie et du p\u00e9trole.","breadcrumb":{"@id":"https:\/\/www.cpc-mc.com\/#breadcrumb"},"inLanguage":"fr-FR","potentialAction":[{"@type":"ReadAction","target":["https:\/\/www.cpc-mc.com\/"]}]},{"@type":"BreadcrumbList","@id":"https:\/\/www.cpc-mc.com\/#breadcrumb","itemListElement":[{"@type":"ListItem","position":1,"name":"Accueil","item":"https:\/\/www.cpc-mc.com\/"},{"@type":"ListItem","position":2,"name":"Accueil"}]},{"@type":"WebSite","@id":"https:\/\/www.cpc-mc.com\/#website","url":"https:\/\/www.cpc-mc.com\/","name":"Component Prospecting Company","description":"Component Prospecting Company","potentialAction":[{"@type":"SearchAction","target":{"@type":"EntryPoint","urlTemplate":"https:\/\/www.cpc-mc.com\/?s={search_term_string}"},"query-input":{"@type":"PropertyValueSpecification","valueRequired":true,"valueName":"search_term_string"}}],"inLanguage":"fr-FR"}]}},"_links":{"self":[{"href":"https:\/\/www.cpc-mc.com\/fr\/wp-json\/wp\/v2\/pages\/194","targetHints":{"allow":["GET"]}}],"collection":[{"href":"https:\/\/www.cpc-mc.com\/fr\/wp-json\/wp\/v2\/pages"}],"about":[{"href":"https:\/\/www.cpc-mc.com\/fr\/wp-json\/wp\/v2\/types\/page"}],"author":[{"embeddable":true,"href":"https:\/\/www.cpc-mc.com\/fr\/wp-json\/wp\/v2\/users\/1"}],"replies":[{"embeddable":true,"href":"https:\/\/www.cpc-mc.com\/fr\/wp-json\/wp\/v2\/comments?post=194"}],"version-history":[{"count":1,"href":"https:\/\/www.cpc-mc.com\/fr\/wp-json\/wp\/v2\/pages\/194\/revisions"}],"predecessor-version":[{"id":195,"href":"https:\/\/www.cpc-mc.com\/fr\/wp-json\/wp\/v2\/pages\/194\/revisions\/195"}],"wp:attachment":[{"href":"https:\/\/www.cpc-mc.com\/fr\/wp-json\/wp\/v2\/media?parent=194"}],"curies":[{"name":"wp","href":"https:\/\/api.w.org\/{rel}","templated":true}]}}